{"id":110,"date":"2024-04-22T17:38:17","date_gmt":"2024-04-22T20:38:17","guid":{"rendered":"https:\/\/gzs02.zappacorp.com\/?page_id=110"},"modified":"2024-04-22T17:39:55","modified_gmt":"2024-04-22T20:39:55","slug":"medalhas","status":"publish","type":"page","link":"https:\/\/gzs02.zappacorp.com\/index.php\/medalhas\/","title":{"rendered":"Medalhas"},"content":{"rendered":"\n<p>Todo ano v\u00e1rios pa\u00edses diferente s\u00e3o representados por seus nobres atletas nas olimp\u00edadas, mas qual o pa\u00eds mais vencedor de todas as edi\u00e7\u00f5es de olimp\u00edadas que tivemos?<\/p>\n\n\n\n<p>Esta Lista leva em considera\u00e7\u00e3o o ranking p\u00f3s T\u00f3quio 2021 de pa\u00edses com mais medalhas totais.<\/p>\n\n\n\n<p>1. Estados Unidos da Am\u00e9rica \u2013 2.636 medalhas<\/p>\n\n\n\n<figure class=\"wp-block-image size-full\"><img loading=\"lazy\" decoding=\"async\" width=\"406\" height=\"254\" src=\"https:\/\/gzs02.zappacorp.com\/wp-content\/uploads\/2024\/04\/image-43.png\" alt=\"\" class=\"wp-image-112\" srcset=\"https:\/\/gzs02.zappacorp.com\/wp-content\/uploads\/2024\/04\/image-43.png 406w, https:\/\/gzs02.zappacorp.com\/wp-content\/uploads\/2024\/04\/image-43-300x188.png 300w\" sizes=\"(max-width: 406px) 100vw, 406px\" \/><\/figure>\n\n\n\n<p>Contando com 2636 medalhas no total, sendo mais que o dobro do segundo colocado, os EUA t\u00eam:<\/p>\n\n\n\n<p>Ouro: 1.061<\/p>\n\n\n\n<p>Prata: 836<\/p>\n\n\n\n<p>Bronze: 739<\/p>\n\n\n\n<p>2. Uni\u00e3o Sovi\u00e9tica \u2013 1.010 medalhas<\/p>\n\n\n\n<figure class=\"wp-block-image size-full\"><img loading=\"lazy\" decoding=\"async\" width=\"380\" height=\"249\" src=\"https:\/\/gzs02.zappacorp.com\/wp-content\/uploads\/2024\/04\/image-42.png\" alt=\"\" class=\"wp-image-111\" srcset=\"https:\/\/gzs02.zappacorp.com\/wp-content\/uploads\/2024\/04\/image-42.png 380w, https:\/\/gzs02.zappacorp.com\/wp-content\/uploads\/2024\/04\/image-42-300x197.png 300w\" sizes=\"(max-width: 380px) 100vw, 380px\" \/><\/figure>\n\n\n\n<p>Com apenas 9 participa\u00e7\u00f5es, os socialistas conseguiram 1010 medalhas, sendo divididas em:<\/p>\n\n\n\n<p>Ouro: 395<\/p>\n\n\n\n<p>Prata: 319<\/p>\n\n\n\n<p>Bronze: 296<\/p>\n\n\n\n<p>3. Gr\u00e3-Bretanha \u2013 916 medalhas<\/p>\n\n\n\n<figure class=\"wp-block-image size-full\"><img loading=\"lazy\" decoding=\"async\" width=\"373\" height=\"248\" src=\"https:\/\/gzs02.zappacorp.com\/wp-content\/uploads\/2024\/04\/image-44.png\" alt=\"\" class=\"wp-image-113\" srcset=\"https:\/\/gzs02.zappacorp.com\/wp-content\/uploads\/2024\/04\/image-44.png 373w, https:\/\/gzs02.zappacorp.com\/wp-content\/uploads\/2024\/04\/image-44-300x199.png 300w\" sizes=\"(max-width: 373px) 100vw, 373px\" \/><\/figure>\n\n\n\n<p>Sendo formada por Inglaterra, Esc\u00f3cia e Pa\u00eds de Gales, a Gr\u00e3-Bretanha conta com 916 medalhas e elas s\u00e3o:<\/p>\n\n\n\n<p>Ouro: 285<\/p>\n\n\n\n<p>Prata: 316<\/p>\n\n\n\n<p>Bronze: 315<\/p>\n\n\n\n<p>4. Fran\u00e7a \u2013 764 medalhas<\/p>\n\n\n\n<figure class=\"wp-block-image size-full\"><img loading=\"lazy\" decoding=\"async\" width=\"411\" height=\"248\" src=\"https:\/\/gzs02.zappacorp.com\/wp-content\/uploads\/2024\/04\/image-45.png\" alt=\"\" class=\"wp-image-114\" srcset=\"https:\/\/gzs02.zappacorp.com\/wp-content\/uploads\/2024\/04\/image-45.png 411w, https:\/\/gzs02.zappacorp.com\/wp-content\/uploads\/2024\/04\/image-45-300x181.png 300w\" sizes=\"(max-width: 411px) 100vw, 411px\" \/><\/figure>\n\n\n\n<p>Os franceses contam com 764 medalhas, sendo elas:<\/p>\n\n\n\n<p>Ouro: 226<\/p>\n\n\n\n<p>Prata: 258<\/p>\n\n\n\n<p>Bronze: 280<\/p>\n\n\n\n<p>5. Alemanha \u2013 652 medalhas<\/p>\n\n\n\n<figure class=\"wp-block-image size-full\"><img loading=\"lazy\" decoding=\"async\" width=\"449\" height=\"193\" src=\"https:\/\/gzs02.zappacorp.com\/wp-content\/uploads\/2024\/04\/image-46.png\" alt=\"\" class=\"wp-image-115\" srcset=\"https:\/\/gzs02.zappacorp.com\/wp-content\/uploads\/2024\/04\/image-46.png 449w, https:\/\/gzs02.zappacorp.com\/wp-content\/uploads\/2024\/04\/image-46-300x129.png 300w\" sizes=\"(max-width: 449px) 100vw, 449px\" \/><\/figure>\n\n\n\n<p>A Alemanha como um pa\u00eds unificado conta com 652 medalhas, organizadas da seguinte forma:<\/p>\n\n\n\n<p>Ouro: 181<\/p>\n\n\n\n<p>Prata: 154<\/p>\n\n\n\n<p>Bronze: 176<\/p>\n","protected":false},"excerpt":{"rendered":"<p>Todo ano v\u00e1rios pa\u00edses diferente s\u00e3o representados por seus nobres atletas nas olimp\u00edadas, mas qual o pa\u00eds mais vencedor de todas as edi\u00e7\u00f5es de olimp\u00edadas <a href=\"https:\/\/gzs02.zappacorp.com\/index.php\/medalhas\/\" class=\"btn btn-link continue-link\">Continue Reading<\/a><\/p>\n","protected":false},"author":2,"featured_media":117,"parent":0,"menu_order":0,"comment_status":"open","ping_status":"closed","template":"","meta":{"footnotes":""},"jetpack_sharing_enabled":true,"_links":{"self":[{"href":"https:\/\/gzs02.zappacorp.com\/index.php\/wp-json\/wp\/v2\/pages\/110"}],"collection":[{"href":"https:\/\/gzs02.zappacorp.com\/index.php\/wp-json\/wp\/v2\/pages"}],"about":[{"href":"https:\/\/gzs02.zappacorp.com\/index.php\/wp-json\/wp\/v2\/types\/page"}],"author":[{"embeddable":true,"href":"https:\/\/gzs02.zappacorp.com\/index.php\/wp-json\/wp\/v2\/users\/2"}],"replies":[{"embeddable":true,"href":"https:\/\/gzs02.zappacorp.com\/index.php\/wp-json\/wp\/v2\/comments?post=110"}],"version-history":[{"count":1,"href":"https:\/\/gzs02.zappacorp.com\/index.php\/wp-json\/wp\/v2\/pages\/110\/revisions"}],"predecessor-version":[{"id":116,"href":"https:\/\/gzs02.zappacorp.com\/index.php\/wp-json\/wp\/v2\/pages\/110\/revisions\/116"}],"wp:featuredmedia":[{"embeddable":true,"href":"https:\/\/gzs02.zappacorp.com\/index.php\/wp-json\/wp\/v2\/media\/117"}],"wp:attachment":[{"href":"https:\/\/gzs02.zappacorp.com\/index.php\/wp-json\/wp\/v2\/media?parent=110"}],"curies":[{"name":"wp","href":"https:\/\/api.w.org\/{rel}","templated":true}]}}