{"id":70,"date":"2024-04-22T16:39:09","date_gmt":"2024-04-22T19:39:09","guid":{"rendered":"https:\/\/gzs02.zappacorp.com\/?page_id=70"},"modified":"2024-04-22T17:13:28","modified_gmt":"2024-04-22T20:13:28","slug":"atletismo","status":"publish","type":"page","link":"https:\/\/gzs02.zappacorp.com\/index.php\/atletismo\/","title":{"rendered":"Atletismo"},"content":{"rendered":"\n<p>Conjunto de esporte constitu\u00eddos por v\u00e1rias modalidades; corrida, marcha, lan\u00e7amentos e saltos, de modo geral praticados em v\u00e1rios est\u00e1dios com exce\u00e7\u00e3o de corridas de longas dist\u00e2ncias praticadas em vias p\u00fablicas como maratona<\/p>\n\n\n\n<p>Dois tipos de eventos s\u00e3o realizados em vias p\u00fablicas &#8211; a maratona e a caminhada de corrida &#8211; que s\u00e3o incrivelmente exigentes e altamente t\u00e1ticos, muitas vezes levando a uma variedade de estrat\u00e9gias, com os atletas \u00e0s vezes at\u00e9 trabalhando juntos para derrotar um rival. Os espectadores alinham o percurso para assistir e aplaudir os atletas.<\/p>\n\n\n\n<p>O programa ol\u00edmpico tamb\u00e9m inclui duas provas combinadas &#8211; o heptatlo feminino de sete eventos e o decatlo masculino de dez eventos &#8211; ambos disputados ao longo de dois dias. Ambas as competi\u00e7\u00f5es testam as habilidades dos atletas em uma variedade de disciplinas atl\u00e9ticas, com o competidor mais completo ganhando a medalha de ouro. As modalidades s\u00e3o disputadas em, dentro e ao redor da pista do est\u00e1dio ol\u00edmpico, na \u00e1rea de salto (salto em altura e salto com vara), no po\u00e7o de salto (salto em dist\u00e2ncia e salto triplo), no c\u00edrculo de arremesso (arremesso de peso, lan\u00e7amento de disco e martelo) e na pista de dardo. Os atletas competem um ap\u00f3s o outro, e o evento inclui uma etapa classificat\u00f3ria durante a qual os melhores atletas garantem sua vaga na final.<\/p>\n\n\n\n<figure class=\"wp-block-image size-full\"><img loading=\"lazy\" decoding=\"async\" width=\"472\" height=\"280\" src=\"https:\/\/gzs02.zappacorp.com\/wp-content\/uploads\/2024\/04\/image-28.png\" alt=\"\" class=\"wp-image-76\" srcset=\"https:\/\/gzs02.zappacorp.com\/wp-content\/uploads\/2024\/04\/image-28.png 472w, https:\/\/gzs02.zappacorp.com\/wp-content\/uploads\/2024\/04\/image-28-300x178.png 300w\" sizes=\"(max-width: 472px) 100vw, 472px\" \/><\/figure>\n\n\n\n<figure class=\"wp-block-image size-full is-resized\"><img loading=\"lazy\" decoding=\"async\" width=\"640\" height=\"360\" src=\"https:\/\/gzs02.zappacorp.com\/wp-content\/uploads\/2024\/04\/image-26.png\" alt=\"\" class=\"wp-image-74\" style=\"width:473px;height:auto\" srcset=\"https:\/\/gzs02.zappacorp.com\/wp-content\/uploads\/2024\/04\/image-26.png 640w, https:\/\/gzs02.zappacorp.com\/wp-content\/uploads\/2024\/04\/image-26-300x169.png 300w\" sizes=\"(max-width: 640px) 100vw, 640px\" \/><\/figure>\n","protected":false},"excerpt":{"rendered":"<p>Conjunto de esporte constitu\u00eddos por v\u00e1rias modalidades; corrida, marcha, lan\u00e7amentos e saltos, de modo geral praticados em v\u00e1rios est\u00e1dios com exce\u00e7\u00e3o de corridas de longas <a href=\"https:\/\/gzs02.zappacorp.com\/index.php\/atletismo\/\" class=\"btn btn-link continue-link\">Continue Reading<\/a><\/p>\n","protected":false},"author":1,"featured_media":75,"parent":0,"menu_order":0,"comment_status":"closed","ping_status":"closed","template":"","meta":{"footnotes":""},"jetpack_sharing_enabled":true,"_links":{"self":[{"href":"https:\/\/gzs02.zappacorp.com\/index.php\/wp-json\/wp\/v2\/pages\/70"}],"collection":[{"href":"https:\/\/gzs02.zappacorp.com\/index.php\/wp-json\/wp\/v2\/pages"}],"about":[{"href":"https:\/\/gzs02.zappacorp.com\/index.php\/wp-json\/wp\/v2\/types\/page"}],"author":[{"embeddable":true,"href":"https:\/\/gzs02.zappacorp.com\/index.php\/wp-json\/wp\/v2\/users\/1"}],"replies":[{"embeddable":true,"href":"https:\/\/gzs02.zappacorp.com\/index.php\/wp-json\/wp\/v2\/comments?post=70"}],"version-history":[{"count":2,"href":"https:\/\/gzs02.zappacorp.com\/index.php\/wp-json\/wp\/v2\/pages\/70\/revisions"}],"predecessor-version":[{"id":77,"href":"https:\/\/gzs02.zappacorp.com\/index.php\/wp-json\/wp\/v2\/pages\/70\/revisions\/77"}],"wp:featuredmedia":[{"embeddable":true,"href":"https:\/\/gzs02.zappacorp.com\/index.php\/wp-json\/wp\/v2\/media\/75"}],"wp:attachment":[{"href":"https:\/\/gzs02.zappacorp.com\/index.php\/wp-json\/wp\/v2\/media?parent=70"}],"curies":[{"name":"wp","href":"https:\/\/api.w.org\/{rel}","templated":true}]}}