{"id":81,"date":"2024-04-22T16:48:22","date_gmt":"2024-04-22T19:48:22","guid":{"rendered":"https:\/\/gzs02.zappacorp.com\/?page_id=81"},"modified":"2024-04-22T16:48:23","modified_gmt":"2024-04-22T19:48:23","slug":"natacao","status":"publish","type":"page","link":"https:\/\/gzs02.zappacorp.com\/index.php\/natacao\/","title":{"rendered":"Nata\u00e7\u00e3o"},"content":{"rendered":"\n<p>Todas as provas da nata\u00e7\u00e3o nas Olimp\u00edadas s\u00e3o disputadas em piscina de 50 metros de comprimento, com 3 metros de profundidade. A temperatura da \u00e1gua deve ser mantida entre 25\u00baC e 27\u00baC. S\u00e3o usadas oito raias, com 2,5 metros de largura cada.<\/p>\n\n\n\n<figure class=\"wp-block-image size-full is-resized\"><img loading=\"lazy\" decoding=\"async\" width=\"768\" height=\"432\" src=\"https:\/\/gzs02.zappacorp.com\/wp-content\/uploads\/2024\/04\/image-30.png\" alt=\"\" class=\"wp-image-84\" style=\"width:554px;height:auto\" srcset=\"https:\/\/gzs02.zappacorp.com\/wp-content\/uploads\/2024\/04\/image-30.png 768w, https:\/\/gzs02.zappacorp.com\/wp-content\/uploads\/2024\/04\/image-30-300x169.png 300w\" sizes=\"(max-width: 768px) 100vw, 768px\" \/><\/figure>\n\n\n\n<p>No in\u00edcio da hist\u00f3ria da nata\u00e7\u00e3o ol\u00edmpica, nadava-se em mar aberto, lagos ou rios. A piscina foi introduzida apenas nos Jogos de Londres, em 1908. At\u00e9 aquela edi\u00e7\u00e3o, as disputas eram apenas entre os homens.\u00a0<\/p>\n\n\n\n<p>As mulheres passaram a participar da nata\u00e7\u00e3o nas Olimp\u00edadas em 1912, em Estocolmo, com os 100 metros livres e o revezamento 4 x 100 metros livres.<\/p>\n\n\n\n<p>Ao longo da hist\u00f3ria dos Jogos, houve muitas mudan\u00e7as no programa ol\u00edmpico da nata\u00e7\u00e3o. A Olimp\u00edada de T\u00f3quio, em 2020, marca a estreia das provas mistas, com a disputa do revezamento 4 x 100 metros medley misto.<\/p>\n","protected":false},"excerpt":{"rendered":"<p>Todas as provas da nata\u00e7\u00e3o nas Olimp\u00edadas s\u00e3o disputadas em piscina de 50 metros de comprimento, com 3 metros de profundidade. A temperatura da \u00e1gua <a href=\"https:\/\/gzs02.zappacorp.com\/index.php\/natacao\/\" class=\"btn btn-link continue-link\">Continue Reading<\/a><\/p>\n","protected":false},"author":1,"featured_media":87,"parent":0,"menu_order":0,"comment_status":"closed","ping_status":"closed","template":"","meta":{"footnotes":""},"jetpack_sharing_enabled":true,"_links":{"self":[{"href":"https:\/\/gzs02.zappacorp.com\/index.php\/wp-json\/wp\/v2\/pages\/81"}],"collection":[{"href":"https:\/\/gzs02.zappacorp.com\/index.php\/wp-json\/wp\/v2\/pages"}],"about":[{"href":"https:\/\/gzs02.zappacorp.com\/index.php\/wp-json\/wp\/v2\/types\/page"}],"author":[{"embeddable":true,"href":"https:\/\/gzs02.zappacorp.com\/index.php\/wp-json\/wp\/v2\/users\/1"}],"replies":[{"embeddable":true,"href":"https:\/\/gzs02.zappacorp.com\/index.php\/wp-json\/wp\/v2\/comments?post=81"}],"version-history":[{"count":3,"href":"https:\/\/gzs02.zappacorp.com\/index.php\/wp-json\/wp\/v2\/pages\/81\/revisions"}],"predecessor-version":[{"id":88,"href":"https:\/\/gzs02.zappacorp.com\/index.php\/wp-json\/wp\/v2\/pages\/81\/revisions\/88"}],"wp:featuredmedia":[{"embeddable":true,"href":"https:\/\/gzs02.zappacorp.com\/index.php\/wp-json\/wp\/v2\/media\/87"}],"wp:attachment":[{"href":"https:\/\/gzs02.zappacorp.com\/index.php\/wp-json\/wp\/v2\/media?parent=81"}],"curies":[{"name":"wp","href":"https:\/\/api.w.org\/{rel}","templated":true}]}}