{"id":91,"date":"2024-04-22T17:06:00","date_gmt":"2024-04-22T20:06:00","guid":{"rendered":"https:\/\/gzs02.zappacorp.com\/?page_id=91"},"modified":"2024-04-22T17:40:02","modified_gmt":"2024-04-22T20:40:02","slug":"skate-olimpico","status":"publish","type":"page","link":"https:\/\/gzs02.zappacorp.com\/index.php\/skate-olimpico\/","title":{"rendered":"Skate Ol\u00edmpico"},"content":{"rendered":"\n<p>O skate \u00e9 um esporte jovem e espetacular que se desenvolveu nos EUA na d\u00e9cada de 1950 conforme a cultura do surfe se popularizava. Fazia parte do underground, cultura alternativa da d\u00e9cada de 1980, e anda de m\u00e3os dadas com valores de liberdade, rebeli\u00e3o e emo\u00e7\u00e3o. O esporte continuou a se desenvolver e tornou-se mais acess\u00edvel no in\u00edcio do s\u00e9culo 21, revelando-se um grande sucesso entre os jovens.<\/p>\n\n\n\n<p>BREVE RESUMO DAS REGRAS<\/p>\n\n\n\n<figure class=\"wp-block-image size-full is-resized\"><img loading=\"lazy\" decoding=\"async\" width=\"138\" height=\"138\" src=\"https:\/\/gzs02.zappacorp.com\/wp-content\/uploads\/2024\/04\/image-38.png\" alt=\"\" class=\"wp-image-101\" style=\"width:334px;height:auto\"\/><\/figure>\n\n\n\n<figure class=\"wp-block-image size-full is-resized\"><img loading=\"lazy\" decoding=\"async\" width=\"138\" height=\"138\" src=\"https:\/\/gzs02.zappacorp.com\/wp-content\/uploads\/2024\/04\/image-37.png\" alt=\"\" class=\"wp-image-99\" style=\"width:338px;height:auto\"\/><\/figure>\n\n\n\n<p>Os skatistas s\u00e3o julgados pela altura e velocidade dos truques que realizam durante os saltos, al\u00e9m da capacidade de usar toda a superf\u00edcie e os obst\u00e1culos. Eles realizam tr\u00eas apresenta\u00e7\u00f5es de 45 segundos, com a melhor das tr\u00eas contando como a pontua\u00e7\u00e3o final da rodada.&nbsp;<\/p>\n\n\n\n<p>As provas de street acontecem em um percurso em linha \u201csemelhante a uma rua\u201d com escadas, corrim\u00e3os e outros \u201cobst\u00e1culos\u201d montados para remeter aos ambientes urbanos onde o skate nasceu. Os atletas executam uma s\u00e9rie de manobras e tamb\u00e9m s\u00e3o julgados pela forma como controlam a prancha durante duas corridas de 45 segundos e cinco truques que realizam. Em cada rodada, a corrida com a maior pontua\u00e7\u00e3o e as duas manobras mais bem avaliadas s\u00e3o somadas e resultam na pontua\u00e7\u00e3o final do atleta.<\/p>\n\n\n\n<p><\/p>\n","protected":false},"excerpt":{"rendered":"<p>O skate \u00e9 um esporte jovem e espetacular que se desenvolveu nos EUA na d\u00e9cada de 1950 conforme a cultura do surfe se popularizava. Fazia <a href=\"https:\/\/gzs02.zappacorp.com\/index.php\/skate-olimpico\/\" class=\"btn btn-link continue-link\">Continue Reading<\/a><\/p>\n","protected":false},"author":1,"featured_media":105,"parent":0,"menu_order":0,"comment_status":"closed","ping_status":"closed","template":"","meta":{"footnotes":""},"jetpack_sharing_enabled":true,"_links":{"self":[{"href":"https:\/\/gzs02.zappacorp.com\/index.php\/wp-json\/wp\/v2\/pages\/91"}],"collection":[{"href":"https:\/\/gzs02.zappacorp.com\/index.php\/wp-json\/wp\/v2\/pages"}],"about":[{"href":"https:\/\/gzs02.zappacorp.com\/index.php\/wp-json\/wp\/v2\/types\/page"}],"author":[{"embeddable":true,"href":"https:\/\/gzs02.zappacorp.com\/index.php\/wp-json\/wp\/v2\/users\/1"}],"replies":[{"embeddable":true,"href":"https:\/\/gzs02.zappacorp.com\/index.php\/wp-json\/wp\/v2\/comments?post=91"}],"version-history":[{"count":8,"href":"https:\/\/gzs02.zappacorp.com\/index.php\/wp-json\/wp\/v2\/pages\/91\/revisions"}],"predecessor-version":[{"id":107,"href":"https:\/\/gzs02.zappacorp.com\/index.php\/wp-json\/wp\/v2\/pages\/91\/revisions\/107"}],"wp:featuredmedia":[{"embeddable":true,"href":"https:\/\/gzs02.zappacorp.com\/index.php\/wp-json\/wp\/v2\/media\/105"}],"wp:attachment":[{"href":"https:\/\/gzs02.zappacorp.com\/index.php\/wp-json\/wp\/v2\/media?parent=91"}],"curies":[{"name":"wp","href":"https:\/\/api.w.org\/{rel}","templated":true}]}}